{"id":9286,"date":"2020-09-03T17:25:15","date_gmt":"2020-09-03T17:25:15","guid":{"rendered":"https:\/\/www.amiciconradici.it\/prodotto\/feriga-nephrolepis-air-so-pure\/"},"modified":"2023-03-15T13:39:07","modified_gmt":"2023-03-15T13:39:07","slug":"feriga-nephrolepis-air-so-pure","status":"publish","type":"product","link":"https:\/\/www.amiciconradici.it\/ro\/prodotto\/feriga-nephrolepis-air-so-pure\/","title":{"rendered":"Feriga Nephrolepis by Air so pure"},"content":{"rendered":"","protected":false},"excerpt":{"rendered":"<p>Feriga Nephrolepis by Air so pure este o plant\u0103 de purificare a aerului u\u0219or de ingrijit, originar\u0103 din Noua Zeeland\u0103 \u0219i Asia tropical\u0103.<\/p>\n","protected":false},"featured_media":15026,"comment_status":"open","ping_status":"closed","template":"","meta":[],"product_brand":[],"product_cat":[119,136,137],"product_tag":[],"class_list":{"0":"post-9286","1":"product","2":"type-product","3":"status-publish","4":"has-post-thumbnail","6":"product_cat-plante-de-apartament","7":"product_cat-plante-de-birou","8":"product_cat-plante-rare","9":"post-wrapper","11":"first","12":"instock","13":"shipping-taxable","14":"purchasable","15":"product-type-simple"},"yoast_head":"<!-- This site is optimized with the Yoast SEO plugin v27.4 - https:\/\/yoast.com\/product\/yoast-seo-wordpress\/ -->\n<title>Feriga Nephrolepis by Air so pure - Amici con radici<\/title>\n<meta name=\"description\" content=\"Feriga Nephrolepis este o plant\u0103 decorativ\u0103 cu frunze asem\u0103n\u0103toare tufi\u0219ului care purific\u0103 aerul din \u00eenc\u0103peri. Comanda pe site\" \/>\n<meta name=\"robots\" content=\"index, follow, max-snippet:-1, max-image-preview:large, max-video-preview:-1\" \/>\n<link rel=\"canonical\" href=\"https:\/\/www.amiciconradici.it\/?post_type=product&p=207\" \/>\n<meta property=\"og:locale\" content=\"ro_RO\" \/>\n<meta property=\"og:type\" content=\"article\" \/>\n<meta property=\"og:title\" content=\"Feriga Nephrolepis by Air so pure - Amici con radici\" \/>\n<meta property=\"og:description\" content=\"Feriga Nephrolepis este o plant\u0103 decorativ\u0103 cu frunze asem\u0103n\u0103toare tufi\u0219ului care purific\u0103 aerul din \u00eenc\u0103peri. Comanda pe site\" \/>\n<meta property=\"og:url\" content=\"https:\/\/www.amiciconradici.it\/?post_type=product&amp;p=207\" \/>\n<meta property=\"og:site_name\" content=\"Amici con radici\" \/>\n<meta property=\"article:modified_time\" content=\"2023-03-15T13:39:07+00:00\" \/>\n<meta property=\"og:image\" content=\"https:\/\/www.amiciconradici.it\/wp-content\/uploads\/2020\/09\/3-felci-air-so-pure-amici-con-radici.jpg\" \/>\n\t<meta property=\"og:image:width\" content=\"1080\" \/>\n\t<meta property=\"og:image:height\" content=\"1080\" \/>\n\t<meta property=\"og:image:type\" content=\"image\/jpeg\" \/>\n<meta name=\"twitter:card\" content=\"summary_large_image\" \/>\n<script type=\"application\/ld+json\" class=\"yoast-schema-graph\">{\"@context\":\"https:\\\/\\\/schema.org\",\"@graph\":[{\"@type\":\"WebPage\",\"@id\":\"https:\\\/\\\/www.amiciconradici.it\\\/?post_type=product&p=207\",\"url\":\"https:\\\/\\\/www.amiciconradici.it\\\/?post_type=product&p=207\",\"name\":\"Feriga Nephrolepis by Air so pure - Amici con radici\",\"isPartOf\":{\"@id\":\"https:\\\/\\\/www.amiciconradici.it\\\/#website\"},\"primaryImageOfPage\":{\"@id\":\"https:\\\/\\\/www.amiciconradici.it\\\/?post_type=product&p=207#primaryimage\"},\"image\":{\"@id\":\"https:\\\/\\\/www.amiciconradici.it\\\/?post_type=product&p=207#primaryimage\"},\"thumbnailUrl\":\"https:\\\/\\\/www.amiciconradici.it\\\/wp-content\\\/uploads\\\/2020\\\/09\\\/X9441300_H_1.jpg\",\"datePublished\":\"2020-09-03T17:25:15+00:00\",\"dateModified\":\"2023-03-15T13:39:07+00:00\",\"description\":\"Feriga Nephrolepis este o plant\u0103 decorativ\u0103 cu frunze asem\u0103n\u0103toare tufi\u0219ului care purific\u0103 aerul din \u00eenc\u0103peri. Comanda pe site\",\"breadcrumb\":{\"@id\":\"https:\\\/\\\/www.amiciconradici.it\\\/?post_type=product&p=207#breadcrumb\"},\"inLanguage\":\"ro-RO\",\"potentialAction\":[{\"@type\":\"ReadAction\",\"target\":[\"https:\\\/\\\/www.amiciconradici.it\\\/?post_type=product&p=207\"]}]},{\"@type\":\"ImageObject\",\"inLanguage\":\"ro-RO\",\"@id\":\"https:\\\/\\\/www.amiciconradici.it\\\/?post_type=product&p=207#primaryimage\",\"url\":\"https:\\\/\\\/www.amiciconradici.it\\\/wp-content\\\/uploads\\\/2020\\\/09\\\/X9441300_H_1.jpg\",\"contentUrl\":\"https:\\\/\\\/www.amiciconradici.it\\\/wp-content\\\/uploads\\\/2020\\\/09\\\/X9441300_H_1.jpg\",\"width\":450,\"height\":337},{\"@type\":\"BreadcrumbList\",\"@id\":\"https:\\\/\\\/www.amiciconradici.it\\\/?post_type=product&p=207#breadcrumb\",\"itemListElement\":[{\"@type\":\"ListItem\",\"position\":1,\"name\":\"Home\",\"item\":\"https:\\\/\\\/www.amiciconradici.it\\\/\"},{\"@type\":\"ListItem\",\"position\":2,\"name\":\"Negozio\",\"item\":\"https:\\\/\\\/www.amiciconradici.it\\\/ro\\\/plante-de-apartament\\\/\"},{\"@type\":\"ListItem\",\"position\":3,\"name\":\"Feriga Nephrolepis by Air so pure\"}]},{\"@type\":\"WebSite\",\"@id\":\"https:\\\/\\\/www.amiciconradici.it\\\/#website\",\"url\":\"https:\\\/\\\/www.amiciconradici.it\\\/\",\"name\":\"Amici con radici\",\"description\":\"Vendita piante online\",\"publisher\":{\"@id\":\"https:\\\/\\\/www.amiciconradici.it\\\/#organization\"},\"potentialAction\":[{\"@type\":\"SearchAction\",\"target\":{\"@type\":\"EntryPoint\",\"urlTemplate\":\"https:\\\/\\\/www.amiciconradici.it\\\/?s={search_term_string}\"},\"query-input\":{\"@type\":\"PropertyValueSpecification\",\"valueRequired\":true,\"valueName\":\"search_term_string\"}}],\"inLanguage\":\"ro-RO\"},{\"@type\":\"Organization\",\"@id\":\"https:\\\/\\\/www.amiciconradici.it\\\/#organization\",\"name\":\"Amici con radici\",\"url\":\"https:\\\/\\\/www.amiciconradici.it\\\/\",\"logo\":{\"@type\":\"ImageObject\",\"inLanguage\":\"ro-RO\",\"@id\":\"https:\\\/\\\/www.amiciconradici.it\\\/#\\\/schema\\\/logo\\\/image\\\/\",\"url\":\"\",\"contentUrl\":\"\",\"caption\":\"Amici con radici\"},\"image\":{\"@id\":\"https:\\\/\\\/www.amiciconradici.it\\\/#\\\/schema\\\/logo\\\/image\\\/\"}}]}<\/script>\n<!-- \/ Yoast SEO plugin. -->","yoast_head_json":{"title":"Feriga Nephrolepis by Air so pure - Amici con radici","description":"Feriga Nephrolepis este o plant\u0103 decorativ\u0103 cu frunze asem\u0103n\u0103toare tufi\u0219ului care purific\u0103 aerul din \u00eenc\u0103peri. Comanda pe site","robots":{"index":"index","follow":"follow","max-snippet":"max-snippet:-1","max-image-preview":"max-image-preview:large","max-video-preview":"max-video-preview:-1"},"canonical":"https:\/\/www.amiciconradici.it\/?post_type=product&p=207","og_locale":"ro_RO","og_type":"article","og_title":"Feriga Nephrolepis by Air so pure - Amici con radici","og_description":"Feriga Nephrolepis este o plant\u0103 decorativ\u0103 cu frunze asem\u0103n\u0103toare tufi\u0219ului care purific\u0103 aerul din \u00eenc\u0103peri. Comanda pe site","og_url":"https:\/\/www.amiciconradici.it\/?post_type=product&p=207","og_site_name":"Amici con radici","article_modified_time":"2023-03-15T13:39:07+00:00","og_image":[{"width":1080,"height":1080,"url":"https:\/\/www.amiciconradici.it\/wp-content\/uploads\/2020\/09\/3-felci-air-so-pure-amici-con-radici.jpg","type":"image\/jpeg"}],"twitter_card":"summary_large_image","schema":{"@context":"https:\/\/schema.org","@graph":[{"@type":"WebPage","@id":"https:\/\/www.amiciconradici.it\/?post_type=product&p=207","url":"https:\/\/www.amiciconradici.it\/?post_type=product&p=207","name":"Feriga Nephrolepis by Air so pure - Amici con radici","isPartOf":{"@id":"https:\/\/www.amiciconradici.it\/#website"},"primaryImageOfPage":{"@id":"https:\/\/www.amiciconradici.it\/?post_type=product&p=207#primaryimage"},"image":{"@id":"https:\/\/www.amiciconradici.it\/?post_type=product&p=207#primaryimage"},"thumbnailUrl":"https:\/\/www.amiciconradici.it\/wp-content\/uploads\/2020\/09\/X9441300_H_1.jpg","datePublished":"2020-09-03T17:25:15+00:00","dateModified":"2023-03-15T13:39:07+00:00","description":"Feriga Nephrolepis este o plant\u0103 decorativ\u0103 cu frunze asem\u0103n\u0103toare tufi\u0219ului care purific\u0103 aerul din \u00eenc\u0103peri. Comanda pe site","breadcrumb":{"@id":"https:\/\/www.amiciconradici.it\/?post_type=product&p=207#breadcrumb"},"inLanguage":"ro-RO","potentialAction":[{"@type":"ReadAction","target":["https:\/\/www.amiciconradici.it\/?post_type=product&p=207"]}]},{"@type":"ImageObject","inLanguage":"ro-RO","@id":"https:\/\/www.amiciconradici.it\/?post_type=product&p=207#primaryimage","url":"https:\/\/www.amiciconradici.it\/wp-content\/uploads\/2020\/09\/X9441300_H_1.jpg","contentUrl":"https:\/\/www.amiciconradici.it\/wp-content\/uploads\/2020\/09\/X9441300_H_1.jpg","width":450,"height":337},{"@type":"BreadcrumbList","@id":"https:\/\/www.amiciconradici.it\/?post_type=product&p=207#breadcrumb","itemListElement":[{"@type":"ListItem","position":1,"name":"Home","item":"https:\/\/www.amiciconradici.it\/"},{"@type":"ListItem","position":2,"name":"Negozio","item":"https:\/\/www.amiciconradici.it\/ro\/plante-de-apartament\/"},{"@type":"ListItem","position":3,"name":"Feriga Nephrolepis by Air so pure"}]},{"@type":"WebSite","@id":"https:\/\/www.amiciconradici.it\/#website","url":"https:\/\/www.amiciconradici.it\/","name":"Amici con radici","description":"Vendita piante online","publisher":{"@id":"https:\/\/www.amiciconradici.it\/#organization"},"potentialAction":[{"@type":"SearchAction","target":{"@type":"EntryPoint","urlTemplate":"https:\/\/www.amiciconradici.it\/?s={search_term_string}"},"query-input":{"@type":"PropertyValueSpecification","valueRequired":true,"valueName":"search_term_string"}}],"inLanguage":"ro-RO"},{"@type":"Organization","@id":"https:\/\/www.amiciconradici.it\/#organization","name":"Amici con radici","url":"https:\/\/www.amiciconradici.it\/","logo":{"@type":"ImageObject","inLanguage":"ro-RO","@id":"https:\/\/www.amiciconradici.it\/#\/schema\/logo\/image\/","url":"","contentUrl":"","caption":"Amici con radici"},"image":{"@id":"https:\/\/www.amiciconradici.it\/#\/schema\/logo\/image\/"}}]}},"_links":{"self":[{"href":"https:\/\/www.amiciconradici.it\/ro\/wp-json\/wp\/v2\/product\/9286","targetHints":{"allow":["GET"]}}],"collection":[{"href":"https:\/\/www.amiciconradici.it\/ro\/wp-json\/wp\/v2\/product"}],"about":[{"href":"https:\/\/www.amiciconradici.it\/ro\/wp-json\/wp\/v2\/types\/product"}],"replies":[{"embeddable":true,"href":"https:\/\/www.amiciconradici.it\/ro\/wp-json\/wp\/v2\/comments?post=9286"}],"wp:featuredmedia":[{"embeddable":true,"href":"https:\/\/www.amiciconradici.it\/ro\/wp-json\/wp\/v2\/media\/15026"}],"wp:attachment":[{"href":"https:\/\/www.amiciconradici.it\/ro\/wp-json\/wp\/v2\/media?parent=9286"}],"wp:term":[{"taxonomy":"product_brand","embeddable":true,"href":"https:\/\/www.amiciconradici.it\/ro\/wp-json\/wp\/v2\/product_brand?post=9286"},{"taxonomy":"product_cat","embeddable":true,"href":"https:\/\/www.amiciconradici.it\/ro\/wp-json\/wp\/v2\/product_cat?post=9286"},{"taxonomy":"product_tag","embeddable":true,"href":"https:\/\/www.amiciconradici.it\/ro\/wp-json\/wp\/v2\/product_tag?post=9286"}],"curies":[{"name":"wp","href":"https:\/\/api.w.org\/{rel}","templated":true}]}}